{"id":1711,"date":"2020-04-27T14:58:07","date_gmt":"2020-04-27T14:58:07","guid":{"rendered":"https:\/\/transe-express-circus.fr\/partners"},"modified":"2023-02-23T09:21:31","modified_gmt":"2023-02-23T09:21:31","slug":"partners","status":"publish","type":"page","link":"https:\/\/transe-express.com\/en\/partners","title":{"rendered":"Partners"},"content":{"rendered":"\t\t<div data-elementor-type=\"wp-page\" data-elementor-id=\"1711\" class=\"elementor elementor-1711 elementor-1358\" data-elementor-post-type=\"page\">\n\t\t\t\t\t\t<section class=\"elementor-section elementor-top-section elementor-element elementor-element-33c52f8 elementor-section-boxed elementor-section-height-default elementor-section-height-default\" data-id=\"33c52f8\" data-element_type=\"section\" data-e-type=\"section\">\n\t\t\t\t\t\t<div class=\"elementor-container elementor-column-gap-default\">\n\t\t\t\t\t<div class=\"elementor-column elementor-col-50 elementor-top-column elementor-element elementor-element-ab9be33\" data-id=\"ab9be33\" data-element_type=\"column\" data-e-type=\"column\">\n\t\t\t<div class=\"elementor-widget-wrap elementor-element-populated\">\n\t\t\t\t\t\t<div class=\"elementor-element elementor-element-cc0efba elementor-widget elementor-widget-text-editor\" data-id=\"cc0efba\" data-element_type=\"widget\" data-e-type=\"widget\" data-widget_type=\"text-editor.default\">\n\t\t\t\t\t\t\t\t\t<h1>Partners<\/h1>\n\t\t\t\t\t\t\t\t<\/div>\n\t\t\t\t<div class=\"elementor-element elementor-element-565feb7 elementor-widget__width-inherit elementor-widget elementor-widget-text-editor\" data-id=\"565feb7\" data-element_type=\"widget\" data-e-type=\"widget\" data-widget_type=\"text-editor.default\">\n\t\t\t\t\t\t\t\t\t<p>Company Transe Express is supported by<br \/>Minist\u00e8re de la Culture, <br \/>R\u00e9gion Auvergne-Rh\u00f4ne-Alpes,<\/p>\t\t\t\t\t\t\t\t<\/div>\n\t\t\t\t<section class=\"elementor-section elementor-inner-section elementor-element elementor-element-31ea0c4 elementor-section-boxed elementor-section-height-default elementor-section-height-default\" data-id=\"31ea0c4\" data-element_type=\"section\" data-e-type=\"section\" data-settings=\"{&quot;background_background&quot;:&quot;classic&quot;}\">\n\t\t\t\t\t\t<div class=\"elementor-container elementor-column-gap-default\">\n\t\t\t\t\t<div class=\"elementor-column elementor-col-50 elementor-inner-column elementor-element elementor-element-c44e011\" data-id=\"c44e011\" data-element_type=\"column\" data-e-type=\"column\">\n\t\t\t<div class=\"elementor-widget-wrap elementor-element-populated\">\n\t\t\t\t\t\t<div class=\"elementor-element elementor-element-317b893 elementor-widget elementor-widget-image\" data-id=\"317b893\" data-element_type=\"widget\" data-e-type=\"widget\" data-widget_type=\"image.default\">\n\t\t\t\t\t\t\t\t\t\t\t\t\t\t\t<img fetchpriority=\"high\" decoding=\"async\" width=\"2048\" height=\"2121\" src=\"https:\/\/transe-express.com\/wp-content\/uploads\/2021\/01\/PREF_region_Auvergne_Rhone_Alpes_RVB.png\" class=\"attachment-full size-full wp-image-3011\" alt=\"DRAC\" srcset=\"https:\/\/transe-express.com\/wp-content\/uploads\/2021\/01\/PREF_region_Auvergne_Rhone_Alpes_RVB.png 2048w, https:\/\/transe-express.com\/wp-content\/uploads\/2021\/01\/PREF_region_Auvergne_Rhone_Alpes_RVB-483x500.png 483w, https:\/\/transe-express.com\/wp-content\/uploads\/2021\/01\/PREF_region_Auvergne_Rhone_Alpes_RVB-989x1024.png 989w, https:\/\/transe-express.com\/wp-content\/uploads\/2021\/01\/PREF_region_Auvergne_Rhone_Alpes_RVB-768x795.png 768w, https:\/\/transe-express.com\/wp-content\/uploads\/2021\/01\/PREF_region_Auvergne_Rhone_Alpes_RVB-1483x1536.png 1483w, https:\/\/transe-express.com\/wp-content\/uploads\/2021\/01\/PREF_region_Auvergne_Rhone_Alpes_RVB-1978x2048.png 1978w\" sizes=\"(max-width: 2048px) 100vw, 2048px\" \/>\t\t\t\t\t\t\t\t\t\t\t\t\t\t\t<\/div>\n\t\t\t\t\t<\/div>\n\t\t<\/div>\n\t\t\t\t<div class=\"elementor-column elementor-col-50 elementor-inner-column elementor-element elementor-element-f29a433\" data-id=\"f29a433\" data-element_type=\"column\" data-e-type=\"column\">\n\t\t\t<div class=\"elementor-widget-wrap elementor-element-populated\">\n\t\t\t\t\t\t<div class=\"elementor-element elementor-element-e0cf1dd elementor-widget elementor-widget-image\" data-id=\"e0cf1dd\" data-element_type=\"widget\" data-e-type=\"widget\" data-widget_type=\"image.default\">\n\t\t\t\t\t\t\t\t\t\t\t\t\t\t\t<img decoding=\"async\" width=\"400\" height=\"224\" src=\"https:\/\/transe-express.com\/wp-content\/uploads\/2020\/03\/logo_ARA.png\" class=\"attachment-large size-large wp-image-1378\" alt=\"\" \/>\t\t\t\t\t\t\t\t\t\t\t\t\t\t\t<\/div>\n\t\t\t\t\t<\/div>\n\t\t<\/div>\n\t\t\t\t\t<\/div>\n\t\t<\/section>\n\t\t\t\t<div class=\"elementor-element elementor-element-d3b6d4e elementor-widget__width-inherit elementor-widget elementor-widget-text-editor\" data-id=\"d3b6d4e\" data-element_type=\"widget\" data-e-type=\"widget\" data-widget_type=\"text-editor.default\">\n\t\t\t\t\t\t\t\t\t<p>D\u00e9partement de la Dr\u00f4me,\u00a0<br \/>Communaut\u00e9 de Communes du Val de Dr\u00f4me en Biovall\u00e9e,<br \/>commune de Eurre.<\/p>\t\t\t\t\t\t\t\t<\/div>\n\t\t\t\t<section class=\"elementor-section elementor-inner-section elementor-element elementor-element-b260e76 elementor-section-boxed elementor-section-height-default elementor-section-height-default\" data-id=\"b260e76\" data-element_type=\"section\" data-e-type=\"section\" data-settings=\"{&quot;background_background&quot;:&quot;classic&quot;}\">\n\t\t\t\t\t\t<div class=\"elementor-container elementor-column-gap-default\">\n\t\t\t\t\t<div class=\"elementor-column elementor-col-50 elementor-inner-column elementor-element elementor-element-7edaf9e\" data-id=\"7edaf9e\" data-element_type=\"column\" data-e-type=\"column\">\n\t\t\t<div class=\"elementor-widget-wrap elementor-element-populated\">\n\t\t\t\t\t\t<div class=\"elementor-element elementor-element-1fcba0d elementor-widget elementor-widget-image\" data-id=\"1fcba0d\" data-element_type=\"widget\" data-e-type=\"widget\" data-widget_type=\"image.default\">\n\t\t\t\t\t\t\t\t\t\t\t\t\t\t\t<img decoding=\"async\" width=\"320\" height=\"320\" src=\"https:\/\/transe-express.com\/wp-content\/uploads\/2020\/03\/logo_drome.png\" class=\"attachment-full size-full wp-image-1379\" alt=\"\" srcset=\"https:\/\/transe-express.com\/wp-content\/uploads\/2020\/03\/logo_drome.png 320w, https:\/\/transe-express.com\/wp-content\/uploads\/2020\/03\/logo_drome-150x150.png 150w\" sizes=\"(max-width: 320px) 100vw, 320px\" \/>\t\t\t\t\t\t\t\t\t\t\t\t\t\t\t<\/div>\n\t\t\t\t\t<\/div>\n\t\t<\/div>\n\t\t\t\t<div class=\"elementor-column elementor-col-50 elementor-inner-column elementor-element elementor-element-6b7f975\" data-id=\"6b7f975\" data-element_type=\"column\" data-e-type=\"column\">\n\t\t\t<div class=\"elementor-widget-wrap elementor-element-populated\">\n\t\t\t\t\t\t<div class=\"elementor-element elementor-element-e5db742 elementor-widget elementor-widget-image\" data-id=\"e5db742\" data-element_type=\"widget\" data-e-type=\"widget\" data-widget_type=\"image.default\">\n\t\t\t\t\t\t\t\t\t\t\t\t\t\t\t<img loading=\"lazy\" decoding=\"async\" width=\"300\" height=\"168\" src=\"https:\/\/transe-express.com\/wp-content\/uploads\/2020\/03\/logo-Val-de-Drome.png\" class=\"attachment-large size-large wp-image-1386\" alt=\"logo-Val-de-Drome\" \/>\t\t\t\t\t\t\t\t\t\t\t\t\t\t\t<\/div>\n\t\t\t\t\t<\/div>\n\t\t<\/div>\n\t\t\t\t\t<\/div>\n\t\t<\/section>\n\t\t\t\t<section class=\"elementor-section elementor-inner-section elementor-element elementor-element-8a88b72 elementor-section-boxed elementor-section-height-default elementor-section-height-default\" data-id=\"8a88b72\" data-element_type=\"section\" data-e-type=\"section\" data-settings=\"{&quot;background_background&quot;:&quot;classic&quot;}\">\n\t\t\t\t\t\t<div class=\"elementor-container elementor-column-gap-default\">\n\t\t\t\t\t<div class=\"elementor-column elementor-col-50 elementor-inner-column elementor-element elementor-element-66c5c15\" data-id=\"66c5c15\" data-element_type=\"column\" data-e-type=\"column\">\n\t\t\t<div class=\"elementor-widget-wrap elementor-element-populated\">\n\t\t\t\t\t\t<div class=\"elementor-element elementor-element-780e63e elementor-widget elementor-widget-image\" data-id=\"780e63e\" data-element_type=\"widget\" data-e-type=\"widget\" data-widget_type=\"image.default\">\n\t\t\t\t\t\t\t\t\t\t\t\t\t\t\t<img loading=\"lazy\" decoding=\"async\" width=\"400\" height=\"642\" src=\"https:\/\/transe-express.com\/wp-content\/uploads\/2020\/03\/logo-Blason_Mairie_Eurre.png\" class=\"attachment-full size-full wp-image-1380\" alt=\"\" srcset=\"https:\/\/transe-express.com\/wp-content\/uploads\/2020\/03\/logo-Blason_Mairie_Eurre.png 400w, https:\/\/transe-express.com\/wp-content\/uploads\/2020\/03\/logo-Blason_Mairie_Eurre-312x500.png 312w\" sizes=\"(max-width: 400px) 100vw, 400px\" \/>\t\t\t\t\t\t\t\t\t\t\t\t\t\t\t<\/div>\n\t\t\t\t\t<\/div>\n\t\t<\/div>\n\t\t\t\t<div class=\"elementor-column elementor-col-50 elementor-inner-column elementor-element elementor-element-59b6568\" data-id=\"59b6568\" data-element_type=\"column\" data-e-type=\"column\">\n\t\t\t<div class=\"elementor-widget-wrap\">\n\t\t\t\t\t\t\t<\/div>\n\t\t<\/div>\n\t\t\t\t\t<\/div>\n\t\t<\/section>\n\t\t\t\t<section class=\"elementor-section elementor-inner-section elementor-element elementor-element-042e1bc elementor-section-boxed elementor-section-height-default elementor-section-height-default\" data-id=\"042e1bc\" data-element_type=\"section\" data-e-type=\"section\" data-settings=\"{&quot;background_background&quot;:&quot;classic&quot;}\">\n\t\t\t\t\t\t<div class=\"elementor-container elementor-column-gap-default\">\n\t\t\t\t\t<div class=\"elementor-column elementor-col-50 elementor-inner-column elementor-element elementor-element-0cc68da\" data-id=\"0cc68da\" data-element_type=\"column\" data-e-type=\"column\">\n\t\t\t<div class=\"elementor-widget-wrap elementor-element-populated\">\n\t\t\t\t\t\t<div class=\"elementor-element elementor-element-815e08e elementor-widget elementor-widget-text-editor\" data-id=\"815e08e\" data-element_type=\"widget\" data-e-type=\"widget\" data-widget_type=\"text-editor.default\">\n\t\t\t\t\t\t\t\t\t<p style=\"text-align: center;\">Action Lev\u2019 Calais<\/p>\n\t\t\t\t\t\t\t\t<\/div>\n\t\t\t\t\t<\/div>\n\t\t<\/div>\n\t\t\t\t<div class=\"elementor-column elementor-col-50 elementor-inner-column elementor-element elementor-element-724165e\" data-id=\"724165e\" data-element_type=\"column\" data-e-type=\"column\">\n\t\t\t<div class=\"elementor-widget-wrap elementor-element-populated\">\n\t\t\t\t\t\t<div class=\"elementor-element elementor-element-ebc9c88 elementor-widget elementor-widget-image\" data-id=\"ebc9c88\" data-element_type=\"widget\" data-e-type=\"widget\" data-widget_type=\"image.default\">\n\t\t\t\t\t\t\t\t\t\t\t\t\t\t\t<img loading=\"lazy\" decoding=\"async\" width=\"250\" height=\"123\" src=\"https:\/\/transe-express.com\/wp-content\/uploads\/2020\/03\/logo-gevd-02.png\" class=\"attachment-large size-large wp-image-1383\" alt=\"\" \/>\t\t\t\t\t\t\t\t\t\t\t\t\t\t\t<\/div>\n\t\t\t\t\t<\/div>\n\t\t<\/div>\n\t\t\t\t\t<\/div>\n\t\t<\/section>\n\t\t\t\t<section class=\"elementor-section elementor-inner-section elementor-element elementor-element-f739e13 elementor-section-boxed elementor-section-height-default elementor-section-height-default\" data-id=\"f739e13\" data-element_type=\"section\" data-e-type=\"section\" data-settings=\"{&quot;background_background&quot;:&quot;classic&quot;}\">\n\t\t\t\t\t\t<div class=\"elementor-container elementor-column-gap-default\">\n\t\t\t\t\t<div class=\"elementor-column elementor-col-50 elementor-inner-column elementor-element elementor-element-81c75a7\" data-id=\"81c75a7\" data-element_type=\"column\" data-e-type=\"column\">\n\t\t\t<div class=\"elementor-widget-wrap elementor-element-populated\">\n\t\t\t\t\t\t<div class=\"elementor-element elementor-element-b4b522f elementor-widget elementor-widget-image\" data-id=\"b4b522f\" data-element_type=\"widget\" data-e-type=\"widget\" data-widget_type=\"image.default\">\n\t\t\t\t\t\t\t\t\t\t\t\t\t\t\t<img loading=\"lazy\" decoding=\"async\" width=\"400\" height=\"320\" src=\"https:\/\/transe-express.com\/wp-content\/uploads\/2020\/06\/logo-emmaus.png\" class=\"attachment-full size-full wp-image-2345\" alt=\"logo emmaus\" \/>\t\t\t\t\t\t\t\t\t\t\t\t\t\t\t<\/div>\n\t\t\t\t\t<\/div>\n\t\t<\/div>\n\t\t\t\t<div class=\"elementor-column elementor-col-50 elementor-inner-column elementor-element elementor-element-9df492f\" data-id=\"9df492f\" data-element_type=\"column\" data-e-type=\"column\">\n\t\t\t<div class=\"elementor-widget-wrap elementor-element-populated\">\n\t\t\t\t\t\t<div class=\"elementor-element elementor-element-5453b11 elementor-widget elementor-widget-image\" data-id=\"5453b11\" data-element_type=\"widget\" data-e-type=\"widget\" data-widget_type=\"image.default\">\n\t\t\t\t\t\t\t\t\t\t\t\t\t\t\t<img loading=\"lazy\" decoding=\"async\" width=\"300\" height=\"66\" src=\"https:\/\/transe-express.com\/wp-content\/uploads\/2020\/03\/logo-LE-CRESTOIS.png\" class=\"attachment-large size-large wp-image-1384\" alt=\"\" \/>\t\t\t\t\t\t\t\t\t\t\t\t\t\t\t<\/div>\n\t\t\t\t\t<\/div>\n\t\t<\/div>\n\t\t\t\t\t<\/div>\n\t\t<\/section>\n\t\t\t\t<section class=\"elementor-section elementor-inner-section elementor-element elementor-element-772869b elementor-section-boxed elementor-section-height-default elementor-section-height-default\" data-id=\"772869b\" data-element_type=\"section\" data-e-type=\"section\" data-settings=\"{&quot;background_background&quot;:&quot;classic&quot;}\">\n\t\t\t\t\t\t<div class=\"elementor-container elementor-column-gap-default\">\n\t\t\t\t\t<div class=\"elementor-column elementor-col-50 elementor-inner-column elementor-element elementor-element-93d6c1d\" data-id=\"93d6c1d\" data-element_type=\"column\" data-e-type=\"column\">\n\t\t\t<div class=\"elementor-widget-wrap elementor-element-populated\">\n\t\t\t\t\t\t<div class=\"elementor-element elementor-element-33be59d elementor-widget elementor-widget-image\" data-id=\"33be59d\" data-element_type=\"widget\" data-e-type=\"widget\" data-widget_type=\"image.default\">\n\t\t\t\t\t\t\t\t\t\t\t\t\t\t\t<img loading=\"lazy\" decoding=\"async\" width=\"300\" height=\"220\" src=\"https:\/\/transe-express.com\/wp-content\/uploads\/2020\/06\/logoRSF2.png\" class=\"attachment-full size-full wp-image-2336\" alt=\"\" \/>\t\t\t\t\t\t\t\t\t\t\t\t\t\t\t<\/div>\n\t\t\t\t\t<\/div>\n\t\t<\/div>\n\t\t\t\t<div class=\"elementor-column elementor-col-50 elementor-inner-column elementor-element elementor-element-b4c1d9b\" data-id=\"b4c1d9b\" data-element_type=\"column\" data-e-type=\"column\">\n\t\t\t<div class=\"elementor-widget-wrap elementor-element-populated\">\n\t\t\t\t\t\t<div class=\"elementor-element elementor-element-63d55ff elementor-widget elementor-widget-image\" data-id=\"63d55ff\" data-element_type=\"widget\" data-e-type=\"widget\" data-widget_type=\"image.default\">\n\t\t\t\t\t\t\t\t\t\t\t\t\t\t\t<img loading=\"lazy\" decoding=\"async\" width=\"300\" height=\"300\" src=\"https:\/\/transe-express.com\/wp-content\/uploads\/2020\/06\/logoRDWA-1.png\" class=\"attachment-large size-large wp-image-2338\" alt=\"logo RDWA\" srcset=\"https:\/\/transe-express.com\/wp-content\/uploads\/2020\/06\/logoRDWA-1.png 300w, https:\/\/transe-express.com\/wp-content\/uploads\/2020\/06\/logoRDWA-1-150x150.png 150w\" sizes=\"(max-width: 300px) 100vw, 300px\" \/>\t\t\t\t\t\t\t\t\t\t\t\t\t\t\t<\/div>\n\t\t\t\t\t<\/div>\n\t\t<\/div>\n\t\t\t\t\t<\/div>\n\t\t<\/section>\n\t\t\t\t<section class=\"elementor-section elementor-inner-section elementor-element elementor-element-8e20aa2 elementor-section-boxed elementor-section-height-default elementor-section-height-default\" data-id=\"8e20aa2\" data-element_type=\"section\" data-e-type=\"section\" data-settings=\"{&quot;background_background&quot;:&quot;classic&quot;}\">\n\t\t\t\t\t\t<div class=\"elementor-container elementor-column-gap-default\">\n\t\t\t\t\t<div class=\"elementor-column elementor-col-50 elementor-inner-column elementor-element elementor-element-9dde88f\" data-id=\"9dde88f\" data-element_type=\"column\" data-e-type=\"column\">\n\t\t\t<div class=\"elementor-widget-wrap elementor-element-populated\">\n\t\t\t\t\t\t<div class=\"elementor-element elementor-element-1804682 elementor-widget elementor-widget-image\" data-id=\"1804682\" data-element_type=\"widget\" data-e-type=\"widget\" data-widget_type=\"image.default\">\n\t\t\t\t\t\t\t\t\t\t\t\t\t\t\t\t<a href=\"https:\/\/www.novelty-group.com\/\">\n\t\t\t\t\t\t\t<img loading=\"lazy\" decoding=\"async\" width=\"220\" height=\"39\" src=\"https:\/\/transe-express.com\/wp-content\/uploads\/2023\/02\/novelty.png\" class=\"attachment-full size-full wp-image-5137\" alt=\"\" \/>\t\t\t\t\t\t\t\t<\/a>\n\t\t\t\t\t\t\t\t\t\t\t\t\t\t\t<\/div>\n\t\t\t\t\t<\/div>\n\t\t<\/div>\n\t\t\t\t<div class=\"elementor-column elementor-col-50 elementor-inner-column elementor-element elementor-element-92820f1\" data-id=\"92820f1\" data-element_type=\"column\" data-e-type=\"column\">\n\t\t\t<div class=\"elementor-widget-wrap elementor-element-populated\">\n\t\t\t\t\t\t<div class=\"elementor-element elementor-element-e793eff elementor-widget elementor-widget-image\" data-id=\"e793eff\" data-element_type=\"widget\" data-e-type=\"widget\" data-widget_type=\"image.default\">\n\t\t\t\t\t\t\t\t\t\t\t\t\t\t\t<img loading=\"lazy\" decoding=\"async\" width=\"227\" height=\"225\" src=\"https:\/\/transe-express.com\/wp-content\/uploads\/2020\/03\/logo-titl.png\" class=\"attachment-full size-full wp-image-1385\" alt=\"\" srcset=\"https:\/\/transe-express.com\/wp-content\/uploads\/2020\/03\/logo-titl.png 227w, https:\/\/transe-express.com\/wp-content\/uploads\/2020\/03\/logo-titl-150x150.png 150w\" sizes=\"(max-width: 227px) 100vw, 227px\" \/>\t\t\t\t\t\t\t\t\t\t\t\t\t\t\t<\/div>\n\t\t\t\t\t<\/div>\n\t\t<\/div>\n\t\t\t\t\t<\/div>\n\t\t<\/section>\n\t\t\t\t<section class=\"elementor-section elementor-inner-section elementor-element elementor-element-498fea0 elementor-section-boxed elementor-section-height-default elementor-section-height-default\" data-id=\"498fea0\" data-element_type=\"section\" data-e-type=\"section\" data-settings=\"{&quot;background_background&quot;:&quot;classic&quot;}\">\n\t\t\t\t\t\t<div class=\"elementor-container elementor-column-gap-default\">\n\t\t\t\t\t<div class=\"elementor-column elementor-col-50 elementor-inner-column elementor-element elementor-element-e25682d\" data-id=\"e25682d\" data-element_type=\"column\" data-e-type=\"column\">\n\t\t\t<div class=\"elementor-widget-wrap elementor-element-populated\">\n\t\t\t\t\t\t<div class=\"elementor-element elementor-element-4bc695c elementor-widget elementor-widget-image\" data-id=\"4bc695c\" data-element_type=\"widget\" data-e-type=\"widget\" data-widget_type=\"image.default\">\n\t\t\t\t\t\t\t\t\t\t\t\t\t\t\t\t<a href=\"https:\/\/www.seb-tech.fr\/\">\n\t\t\t\t\t\t\t<img loading=\"lazy\" decoding=\"async\" width=\"275\" height=\"149\" src=\"https:\/\/transe-express.com\/wp-content\/uploads\/2023\/02\/Seb-md.jpg\" class=\"attachment-full size-full wp-image-5142\" alt=\"\" \/>\t\t\t\t\t\t\t\t<\/a>\n\t\t\t\t\t\t\t\t\t\t\t\t\t\t\t<\/div>\n\t\t\t\t\t<\/div>\n\t\t<\/div>\n\t\t\t\t<div class=\"elementor-column elementor-col-50 elementor-inner-column elementor-element elementor-element-59d141d\" data-id=\"59d141d\" data-element_type=\"column\" data-e-type=\"column\">\n\t\t\t<div class=\"elementor-widget-wrap\">\n\t\t\t\t\t\t\t<\/div>\n\t\t<\/div>\n\t\t\t\t\t<\/div>\n\t\t<\/section>\n\t\t\t\t<section class=\"elementor-section elementor-inner-section elementor-element elementor-element-1f86aaa elementor-section-boxed elementor-section-height-default elementor-section-height-default\" data-id=\"1f86aaa\" data-element_type=\"section\" data-e-type=\"section\" data-settings=\"{&quot;background_background&quot;:&quot;classic&quot;}\">\n\t\t\t\t\t\t<div class=\"elementor-container elementor-column-gap-default\">\n\t\t\t\t\t<div class=\"elementor-column elementor-col-100 elementor-inner-column elementor-element elementor-element-7706b1b\" data-id=\"7706b1b\" data-element_type=\"column\" data-e-type=\"column\">\n\t\t\t<div class=\"elementor-widget-wrap elementor-element-populated\">\n\t\t\t\t\t\t<div class=\"elementor-element elementor-element-608ef90 elementor-widget__width-inherit elementor-widget elementor-widget-text-editor\" data-id=\"608ef90\" data-element_type=\"widget\" data-e-type=\"widget\" data-widget_type=\"text-editor.default\">\n\t\t\t\t\t\t\t\t\t<h2>Collaborator<\/h2><h3>Diffusion and national agencies<\/h3><p>Association Assahira (Lyon)<\/p><h3>Diffusion and international agencies<\/h3><p>Get live management Co (Tha)<br \/>Kandengue Arts (Esp)<br \/>Alnilam Artistic Distribucio (Esp)<br \/>Emergency Exit Arts (GB)<br \/>Mediapool (DE)<br \/>De Schoenfabriek (NL)<br \/>Hh Producties (NL)<br \/>El se\u00f1or Wom &amp; Asesores sl (ES)<br \/>Alnilam Artistic distribucio sl (ES)<\/p><h3>Photos \u2013 videos<\/h3><p>Anne Flageul _Demi-sel production<br \/>Juan Robert<br \/>Marie Samantha Salvy<\/p><h3>Light<\/h3><p><strong>Tilt<\/strong> _Fran\u00e7ois Fouilh\u00e9 + Jean-Baptiste Laude<\/p><h3>Sound<\/h3><p>Novelty<br \/>SEB<\/p><h3>Crane drivers<\/h3><p>Action Lev\u2019<br \/>Valence levage<\/p><h3>Pyrotechnics<\/h3><p>L\u2019atelier de l\u2019\u00e9v\u00e8nement<br \/>Christrophe Bruyas, Daniel Saint-L\u00e9ger<\/p><h3>Webdesign<\/h3><p><a href=\"http:\/\/www.lhommequitremble.com\/\">L\u2019homme qui tremble<\/a> \u2013 WordPress \/ DIVI + Elementor \/ + Joomla, Formation &amp; maintenance \u2014 Design graphique \u2013 Fran\u00e7ois Gaillard<br \/>au Solilab \u00e0 Nantes<\/p><h3>Computing<\/h3><p>C\u2019pro<br \/>Speedmicro<\/p><h3>Accountant<\/h3><p>Denis Moniot _<strong>Sodaugec<\/strong><\/p><h3>Commissaire aux comptes<\/h3><p>Ma\u00eetre Robert Ohayon<\/p>\t\t\t\t\t\t\t\t<\/div>\n\t\t\t\t\t<\/div>\n\t\t<\/div>\n\t\t\t\t\t<\/div>\n\t\t<\/section>\n\t\t\t\t\t<\/div>\n\t\t<\/div>\n\t\t\t\t<div class=\"elementor-column elementor-col-50 elementor-top-column elementor-element elementor-element-b7b9b95\" data-id=\"b7b9b95\" data-element_type=\"column\" data-e-type=\"column\">\n\t\t\t<div class=\"elementor-widget-wrap\">\n\t\t\t\t\t\t\t<\/div>\n\t\t<\/div>\n\t\t\t\t\t<\/div>\n\t\t<\/section>\n\t\t\t\t<\/div>\n\t\t","protected":false},"excerpt":{"rendered":"<p>Partners Company Transe Express is supported byMinist\u00e8re de la Culture, R\u00e9gion Auvergne-Rh\u00f4ne-Alpes, D\u00e9partement de la Dr\u00f4me,\u00a0Communaut\u00e9 de Communes du Val de Dr\u00f4me en Biovall\u00e9e,commune de Eurre. Action Lev\u2019 Calais Collaborator Diffusion and national agencies Association Assahira (Lyon) Diffusion and international agencies Get live management Co (Tha)Kandengue Arts (Esp)Alnilam Artistic Distribucio (Esp)Emergency Exit Arts (GB)Mediapool (DE)De [&hellip;]<\/p>\n","protected":false},"author":1,"featured_media":0,"parent":0,"menu_order":0,"comment_status":"closed","ping_status":"closed","template":"","meta":{"_seopress_robots_primary_cat":"","_seopress_titles_title":"","_seopress_titles_desc":"","_seopress_robots_index":"","footnotes":""},"class_list":["post-1711","page","type-page","status-publish","hentry"],"_links":{"self":[{"href":"https:\/\/transe-express.com\/en\/wp-json\/wp\/v2\/pages\/1711","targetHints":{"allow":["GET"]}}],"collection":[{"href":"https:\/\/transe-express.com\/en\/wp-json\/wp\/v2\/pages"}],"about":[{"href":"https:\/\/transe-express.com\/en\/wp-json\/wp\/v2\/types\/page"}],"author":[{"embeddable":true,"href":"https:\/\/transe-express.com\/en\/wp-json\/wp\/v2\/users\/1"}],"replies":[{"embeddable":true,"href":"https:\/\/transe-express.com\/en\/wp-json\/wp\/v2\/comments?post=1711"}],"version-history":[{"count":0,"href":"https:\/\/transe-express.com\/en\/wp-json\/wp\/v2\/pages\/1711\/revisions"}],"wp:attachment":[{"href":"https:\/\/transe-express.com\/en\/wp-json\/wp\/v2\/media?parent=1711"}],"curies":[{"name":"wp","href":"https:\/\/api.w.org\/{rel}","templated":true}]}}