{"id":1701,"date":"2020-04-27T14:23:17","date_gmt":"2020-04-27T14:23:17","guid":{"rendered":"https:\/\/transe-express-circus.fr\/transe-express-company"},"modified":"2026-03-20T14:14:24","modified_gmt":"2026-03-20T14:14:24","slug":"transe-express-company","status":"publish","type":"page","link":"https:\/\/transe-express.com\/en\/transe-express-company","title":{"rendered":"TRANSE EXPRESS Company"},"content":{"rendered":"\t\t<div data-elementor-type=\"wp-page\" data-elementor-id=\"1701\" class=\"elementor elementor-1701 elementor-1405\" data-elementor-post-type=\"page\">\n\t\t\t\t\t\t<section class=\"elementor-section elementor-top-section elementor-element elementor-element-33c52f8 elementor-section-boxed elementor-section-height-default elementor-section-height-default\" data-id=\"33c52f8\" data-element_type=\"section\" data-e-type=\"section\">\n\t\t\t\t\t\t<div class=\"elementor-container elementor-column-gap-default\">\n\t\t\t\t\t<div class=\"elementor-column elementor-col-50 elementor-top-column elementor-element elementor-element-ab9be33\" data-id=\"ab9be33\" data-element_type=\"column\" data-e-type=\"column\" data-settings=\"{&quot;motion_fx_motion_fx_scrolling&quot;:&quot;yes&quot;,&quot;motion_fx_rotateZ_effect&quot;:&quot;yes&quot;,&quot;motion_fx_rotateZ_affectedRange&quot;:{&quot;unit&quot;:&quot;%&quot;,&quot;size&quot;:&quot;&quot;,&quot;sizes&quot;:{&quot;start&quot;:53,&quot;end&quot;:53}},&quot;motion_fx_devices&quot;:[&quot;desktop&quot;],&quot;motion_fx_rotateZ_speed&quot;:{&quot;unit&quot;:&quot;px&quot;,&quot;size&quot;:1,&quot;sizes&quot;:[]}}\">\n\t\t\t<div class=\"elementor-widget-wrap elementor-element-populated\">\n\t\t\t\t\t\t<div class=\"elementor-element elementor-element-cc0efba elementor-widget elementor-widget-text-editor\" data-id=\"cc0efba\" data-element_type=\"widget\" data-e-type=\"widget\" data-widget_type=\"text-editor.default\">\n\t\t\t\t\t\t\t\t\t<h1>Transe Express Company<\/h1>\n<p><\/p>\n<h2>Inventors of imagination<\/h2>\n\t\t\t\t\t\t\t\t<\/div>\n\t\t\t\t<div class=\"elementor-element elementor-element-67a1f9c elementor-widget elementor-widget-text-editor\" data-id=\"67a1f9c\" data-element_type=\"widget\" data-e-type=\"widget\" data-widget_type=\"text-editor.default\">\n\t\t\t\t\t\t\t\t\t<p>The company Transe Express performs in outdoor spaces to meet the audience. The combination of theatre and music is used as a melting pot of spectacular sciences: visual arts, dance, fire, prowess\u2019s\u2026<\/p><p>Shock creations which at times invest a stage, non-conventional spaces but principally the streets; intriguing the public in their everyday lives; unique adventures to transform a city, to create a memorable moment in time.<\/p><p>Brigitte Burdin, choreographer, and Gilles Rhode, visual artist, founded Transe Express in 1982.They created over the years a style, an esthetic \u201cAerial Art\u201d; they also included many others in the adventure and formed artists and designers, to whom they transmitted the artistic direction in 2015.<\/p><p>This team of creators is co-led by R\u00e9mi Allaigre and El\u00e9onore Guillemaud, with the willingness and the pleasure to continue and grow The \u201cTranse Express Spirit\u201d.<\/p><hr \/><h2>A repertory of about ten of shows, many giant machinery and<br \/>ephemeral creations &#8230;<\/h2><h6 style=\"padding-left: 40px;\">Large scale aerial shows<br \/>Fantastic parades<br \/>Intervention theater<br \/>Walkabouts<br \/>Custom-tailored creations<br \/>Participation of local volunteers<br \/>Life music<\/h6><p>Based in its permanent residence \u201c<a href=\"https:\/\/transe-express-circus.fr\/en\/la-gare-a-coulisses\">la Gare \u00e0 Coulisses<\/a>\u201d, base of street arts open to local and passing companies, Transe Express is employing today 150 artists and technicians.<\/p><p>It is in this \u201cartistic Workshop factory\u201d in Eurre in the Valley of Dr\u00f4me that the team Transe Express invents and carries out its ephemeral creations or repertory shows with a predilection for Monumental and Aerial Art, but without forgetting the pleasure of the proximity with the public.<\/p>\t\t\t\t\t\t\t\t<\/div>\n\t\t\t\t<div class=\"elementor-element elementor-element-8580baf elementor-widget elementor-widget-toggle\" data-id=\"8580baf\" data-element_type=\"widget\" data-e-type=\"widget\" data-widget_type=\"toggle.default\">\n\t\t\t\t\t\t\t<div class=\"elementor-toggle\">\n\t\t\t\t\t\t\t<div class=\"elementor-toggle-item\">\n\t\t\t\t\t<div id=\"elementor-tab-title-1391\" class=\"elementor-tab-title\" data-tab=\"1\" role=\"button\" aria-controls=\"elementor-tab-content-1391\" aria-expanded=\"false\">\n\t\t\t\t\t\t\t\t\t\t\t\t<span class=\"elementor-toggle-icon elementor-toggle-icon-right\" aria-hidden=\"true\">\n\t\t\t\t\t\t\t\t\t\t\t\t\t\t\t<span class=\"elementor-toggle-icon-closed\"><svg class=\"e-font-icon-svg e-far-eye\" viewBox=\"0 0 576 512\" xmlns=\"http:\/\/www.w3.org\/2000\/svg\"><path d=\"M288 144a110.94 110.94 0 0 0-31.24 5 55.4 55.4 0 0 1 7.24 27 56 56 0 0 1-56 56 55.4 55.4 0 0 1-27-7.24A111.71 111.71 0 1 0 288 144zm284.52 97.4C518.29 135.59 410.93 64 288 64S57.68 135.64 3.48 241.41a32.35 32.35 0 0 0 0 29.19C57.71 376.41 165.07 448 288 448s230.32-71.64 284.52-177.41a32.35 32.35 0 0 0 0-29.19zM288 400c-98.65 0-189.09-55-237.93-144C98.91 167 189.34 112 288 112s189.09 55 237.93 144C477.1 345 386.66 400 288 400z\"><\/path><\/svg><\/span>\n\t\t\t\t\t\t\t\t<span class=\"elementor-toggle-icon-opened\"><svg class=\"elementor-toggle-icon-opened e-font-icon-svg e-far-eye-slash\" viewBox=\"0 0 640 512\" xmlns=\"http:\/\/www.w3.org\/2000\/svg\"><path d=\"M634 471L36 3.51A16 16 0 0 0 13.51 6l-10 12.49A16 16 0 0 0 6 41l598 467.49a16 16 0 0 0 22.49-2.49l10-12.49A16 16 0 0 0 634 471zM296.79 146.47l134.79 105.38C429.36 191.91 380.48 144 320 144a112.26 112.26 0 0 0-23.21 2.47zm46.42 219.07L208.42 260.16C210.65 320.09 259.53 368 320 368a113 113 0 0 0 23.21-2.46zM320 112c98.65 0 189.09 55 237.93 144a285.53 285.53 0 0 1-44 60.2l37.74 29.5a333.7 333.7 0 0 0 52.9-75.11 32.35 32.35 0 0 0 0-29.19C550.29 135.59 442.93 64 320 64c-36.7 0-71.71 7-104.63 18.81l46.41 36.29c18.94-4.3 38.34-7.1 58.22-7.1zm0 288c-98.65 0-189.08-55-237.93-144a285.47 285.47 0 0 1 44.05-60.19l-37.74-29.5a333.6 333.6 0 0 0-52.89 75.1 32.35 32.35 0 0 0 0 29.19C89.72 376.41 197.08 448 320 448c36.7 0 71.71-7.05 104.63-18.81l-46.41-36.28C359.28 397.2 339.89 400 320 400z\"><\/path><\/svg><\/span>\n\t\t\t\t\t\t\t\t\t\t\t\t\t<\/span>\n\t\t\t\t\t\t\t\t\t\t\t\t<a class=\"elementor-toggle-title\" tabindex=\"0\">Celestial Art<\/a>\n\t\t\t\t\t<\/div>\n\n\t\t\t\t\t<div id=\"elementor-tab-content-1391\" class=\"elementor-tab-content elementor-clearfix\" data-tab=\"1\" role=\"region\" aria-labelledby=\"elementor-tab-title-1391\"><h3>theatre above the city<\/h3>\n<p>During the middle ages the buffoons juggled in the court of their Masters. In the XVIIIth century, the travelling acrobats played their comedies on their trestle stages. At the beginning of the XXth century, the saltimbanques harangued their public on the very pavement! In the 1970\u2019s, the public amusers conquered the agglomerations and outskirts of the cities. Today, man has turned towards the skies. In the 1990\u2019s, inspired by Calder, Transe Express invent Celestial Art.<\/p>\n<p>This new form of expression produced strong images perfectly adapted to large scale audiences, where the public just lift their eyes to enter in a surprising universe: \u201cAt last, a show where everyone can see perfectly, even if there are 10 000 persons\u2026\u201d<\/p>\n<p>An alternative to the eternal fireworks display to close traditional, large scale, popular celebrations. Transe Express proposes creations of grand format that address the city whilst chatting to the Architect.<\/p>\n<h3>A deept and active motivation:<br \/>\nEncounter the Audience<br \/>\nand perforrm in Public Spaces<\/h3>\n<p>\u00ab Celestial Art \u00bb\u2026 A Baroque or na\u00efve expression ? A bazaar of accessories? Of too-heavy Angels hissed by groaning pulleys, blue golden skies, cotton clouds stuck to Columbus of escaped voices from the Sistine Chapel. Celestial fireworks? Machinery invented to overcome the Peasants? Plumes of nacre or the first wings of articulated wood\u2026 A genius deployed to rule the surrounding space does not escape the burlesque. Could this be a dare for space shuttles or sputniks?<\/p>\n<h5>Sylvie Meunier, Extract of book \u00ab L\u2019Art C\u00e9leste, th\u00e9\u00e2tre au-dessus de la ville \u00bb<\/h5>\n<p>Transe Express has explored the length and breadth of the city with parades and processions, playing with the mobility of the public. Their experiences with the masses, especially for the occasion of grand celebrations pushed Gilles Rhode to re-examine the conditions of visibility offered to the public.<\/p>\n<h5>\u00a0Thierry Voisin, Extract of Rue de la Folie, juin 99<\/h5>\n<p>This naturally led to the quest of finding unnumbered spaces where the show would be perfectly visible as a whole conserving each drop of integrity for each spectator. Suddenly, he passed the urban horizon line and opened the celestial vault. After the City, the skies have become the new artistic territory, a new arena. For each show, Gilles Rhode invents a mobile on which he suspends his characters. He creates a world in movement, playing with the fluidity of air. Each mobile is an airborne structure. A poetic machine transporting the imagination of the spectator, lifting their regard and their emotions.<\/p>\n<\/div>\n\t\t\t\t<\/div>\n\t\t\t\t\t\t\t\t<\/div>\n\t\t\t\t\t\t<\/div>\n\t\t\t\t<div class=\"elementor-element elementor-element-ded58ea elementor-widget elementor-widget-text-editor\" data-id=\"ded58ea\" data-element_type=\"widget\" data-e-type=\"widget\" data-widget_type=\"text-editor.default\">\n\t\t\t\t\t\t\t\t\t<h2>The shows of Transe Express seduced the public of 74 countries around the world, on the 5 continents.<\/h2><p>It was illustrated in particular<br \/>for the opening of the <em>Albertville Olympic Games<\/em> in 1992,<br \/>in Paris &#8211; Beaubourg with <em>Les 2000 Coups de Minuit<\/em>,<br \/>with <em>Roue-Ages<\/em> in Paris for the year 2000,<br \/>for the opening of the Sydney Festival in 2002 and 2005,<br \/>for the opening of the biggest South American festival, <em>the Santiago a Mil festival<\/em> in Chile in 2011,<br \/>as part of Marseille Provence 2013,<br \/>for the Chinese New Year in Hong-Kong in 2015,<br \/>at the <em>Sziget Festival<\/em> in Budapest in 2016<br \/>and in Montreal for the 375th birthday of the city in 2017, at the Philadelphia international festival of arts, in 2018 and for the Opening of the \u201c Capitale Culturelle Europ\u00e9enne\u201d in Matera, Italy, in 2019.<br \/>In 2022, she also performed in Belfast for the 60th anniversary of the International Arts Festival and in Haguenau for the 30th anniversary of the Festival l&#8217;Humour des Notes. <br \/>In 2023, she will participate in the Festival Internacional de Teatro de Rua, Imaginarius in Portugal and in 2024 in the FETA, International Street and Open-Air Theatres Festival in Poland.<\/p><p>In 2025, ADN, Odyss\u00e9e verticale, the company&#8217;s latest creation, was selected for the IN de Chalon dans la Rue and the Aurillac Festival.<\/p>\t\t\t\t\t\t\t\t<\/div>\n\t\t\t\t<div class=\"elementor-element elementor-element-978af06 elementor-widget elementor-widget-toggle\" data-id=\"978af06\" data-element_type=\"widget\" data-e-type=\"widget\" data-widget_type=\"toggle.default\">\n\t\t\t\t\t\t\t<div class=\"elementor-toggle\">\n\t\t\t\t\t\t\t<div class=\"elementor-toggle-item\">\n\t\t\t\t\t<div id=\"elementor-tab-title-1581\" class=\"elementor-tab-title\" data-tab=\"1\" role=\"button\" aria-controls=\"elementor-tab-content-1581\" aria-expanded=\"false\">\n\t\t\t\t\t\t\t\t\t\t\t\t<span class=\"elementor-toggle-icon elementor-toggle-icon-right\" aria-hidden=\"true\">\n\t\t\t\t\t\t\t\t\t\t\t\t\t\t\t<span class=\"elementor-toggle-icon-closed\"><svg class=\"e-font-icon-svg e-far-eye\" viewBox=\"0 0 576 512\" xmlns=\"http:\/\/www.w3.org\/2000\/svg\"><path d=\"M288 144a110.94 110.94 0 0 0-31.24 5 55.4 55.4 0 0 1 7.24 27 56 56 0 0 1-56 56 55.4 55.4 0 0 1-27-7.24A111.71 111.71 0 1 0 288 144zm284.52 97.4C518.29 135.59 410.93 64 288 64S57.68 135.64 3.48 241.41a32.35 32.35 0 0 0 0 29.19C57.71 376.41 165.07 448 288 448s230.32-71.64 284.52-177.41a32.35 32.35 0 0 0 0-29.19zM288 400c-98.65 0-189.09-55-237.93-144C98.91 167 189.34 112 288 112s189.09 55 237.93 144C477.1 345 386.66 400 288 400z\"><\/path><\/svg><\/span>\n\t\t\t\t\t\t\t\t<span class=\"elementor-toggle-icon-opened\"><svg class=\"elementor-toggle-icon-opened e-font-icon-svg e-far-eye-slash\" viewBox=\"0 0 640 512\" xmlns=\"http:\/\/www.w3.org\/2000\/svg\"><path d=\"M634 471L36 3.51A16 16 0 0 0 13.51 6l-10 12.49A16 16 0 0 0 6 41l598 467.49a16 16 0 0 0 22.49-2.49l10-12.49A16 16 0 0 0 634 471zM296.79 146.47l134.79 105.38C429.36 191.91 380.48 144 320 144a112.26 112.26 0 0 0-23.21 2.47zm46.42 219.07L208.42 260.16C210.65 320.09 259.53 368 320 368a113 113 0 0 0 23.21-2.46zM320 112c98.65 0 189.09 55 237.93 144a285.53 285.53 0 0 1-44 60.2l37.74 29.5a333.7 333.7 0 0 0 52.9-75.11 32.35 32.35 0 0 0 0-29.19C550.29 135.59 442.93 64 320 64c-36.7 0-71.71 7-104.63 18.81l46.41 36.29c18.94-4.3 38.34-7.1 58.22-7.1zm0 288c-98.65 0-189.08-55-237.93-144a285.47 285.47 0 0 1 44.05-60.19l-37.74-29.5a333.6 333.6 0 0 0-52.89 75.1 32.35 32.35 0 0 0 0 29.19C89.72 376.41 197.08 448 320 448c36.7 0 71.71-7.05 104.63-18.81l-46.41-36.28C359.28 397.2 339.89 400 320 400z\"><\/path><\/svg><\/span>\n\t\t\t\t\t\t\t\t\t\t\t\t\t<\/span>\n\t\t\t\t\t\t\t\t\t\t\t\t<a class=\"elementor-toggle-title\" tabindex=\"0\">Some events<\/a>\n\t\t\t\t\t<\/div>\n\n\t\t\t\t\t<div id=\"elementor-tab-content-1581\" class=\"elementor-tab-content elementor-clearfix\" data-tab=\"1\" role=\"region\" aria-labelledby=\"elementor-tab-title-1581\"><p><strong>C\u00e9r\u00e9monie d\u2019ouverture des JO Albertville<\/strong>, 1992<\/p><p><strong>Cl\u00f4ture des Jeux M\u00e9diterran\u00e9ens<\/strong>, N\u00eemes, 1993<\/p><p><strong>Feux, Parc de la Villette<\/strong>, Paris, 1995<\/p><p><strong>Inauguration du tunnel sous la Manche<\/strong>, Calais 1996<\/p><p><strong>C\u00e9l\u00e9bration des Capitales Culturelles Europ\u00e9ennes<\/strong><\/p><p>Stockholm, 1998 \/ Weimar, 1998 \/ Patras, 2006 \/ Sibiu, 2008 \/ Marseille, 2013<\/p><p><strong>Roues-Ages, op\u00e9ration \u00ab\u00a0aux portes de l\u2019an 2000\u00a0\u00bb<\/strong>, Champs Elys\u00e9es, Paris, 31 d\u00e9c. 1999<\/p><p><strong>Cl\u00f4ture de l\u2019Exposition Universelle<\/strong>, Hanovre 2000 et Saragoza 2008<\/p><p><strong>Les 2000 Coups de Minuit, passage au 3<sup>e<\/sup> mill\u00e9naire<\/strong>, Beaubourg, Paris, 31 d\u00e9cembre 2000<\/p><p><strong>Ouverture des Olympiades de Th\u00e9\u00e2tre<\/strong>, Moscou 2001<\/p><p><strong>Boulevard d\u2019Hugo, bicentenaire de la naissance de Victor Hugo<\/strong>, Besan\u00e7on 2002<\/p><p><strong>Olympiades Culturelles des JO d\u2019Ath\u00e8nes<\/strong>, 2004<\/p><p><strong>Ouverture du festival de Sydney<\/strong>, 2002 et 2005\u00a0 \uf0e0 <strong>La Grande Muraille de Chine<\/strong>, Ann\u00e9e de la France en Chine, 2005<\/p><p><strong>Sziget Festival<\/strong>, Budapest 2006 et 2007<\/p><p><strong>La Note Bianca<\/strong>, Rome 2007<\/p><p><strong>Ouverture des Championnats du Monde de Ski, <\/strong>Val d\u2019Is\u00e8re, 2009<\/p><p><strong>La Caravane des Rois Nomades, Ann\u00e9e de la France au Br\u00e9sil<\/strong>, Br\u00e9sil 2009<\/p><p><strong>Ouverture du pavillon Rh\u00f4ne-Alpes pour l\u2019Exposition Universelle, <\/strong>Shanghai, 2010<\/p><p><strong>Ouverture du festival Santiago A Mil, <\/strong>Chili, 2011<\/p><p><strong>Concerto C\u00e9leste<\/strong>, Aix en Provence, 2013<\/p><p><strong>Chevauch\u00e9e Fantasque<\/strong>, Ouverture des jeux \u00e9questres mondiaux \u00e0 Caen, 2014<\/p><p><strong>Sziget Festival<\/strong>, Budapest, 2016<\/p><p><strong>375 e Anniversaire de la ville de Montr\u00e9al<\/strong>, 2017<\/p><p><strong>Bonjour India<\/strong>, tourn\u00e9e indienne avec l\u2019Institut Fran\u00e7ais, 2018<\/p><p><strong>PIFA<\/strong>, Philadelphia international festival of arts<\/p><p>Ouverture de la Capitale Culturelle Europ\u00e9enne, Matera, Italie, 2019<\/p><p>Ouverture de Procida, capitale europ\u00e9enne de la culture, Italie, 2022<\/p><p>60e <strong>Belfast International Arts Festival<\/strong>, Irlande, 2022<\/p><p><strong>Imaginarius<\/strong> | Festival Internacional de Teatro de Rua, Portugal 2023<\/p><p><strong>Nuit Blanche<\/strong> Charleville Meziere 2023<\/p><p><strong>Festival European Polyphony<\/strong>, Ile de Rhodes 2024<\/p><p>International Street and Open-Air Theatres <strong>Festival FETA<\/strong>, Pologne 2024<\/p><p>Festival International de Th\u00e9atre de Rue, Aurillac IN 2025<\/p><p>Festival Chalon dans Rue,\u00a0 IN 2025<\/p><p>Fiesta Lille 3000, 2025<br \/>Seoul Street Art Festival 2025<\/p><\/div>\n\t\t\t\t<\/div>\n\t\t\t\t\t\t\t\t<\/div>\n\t\t\t\t\t\t<\/div>\n\t\t\t\t<div class=\"elementor-element elementor-element-33e2595 elementor-widget elementor-widget-button\" data-id=\"33e2595\" data-element_type=\"widget\" data-e-type=\"widget\" data-widget_type=\"button.default\">\n\t\t\t\t\t\t\t\t\t\t<a class=\"elementor-button elementor-button-link elementor-size-xs\" href=\"https:\/\/tally.so\/r\/Pd0Qod\" target=\"_blank\">\n\t\t\t\t\t\t<span class=\"elementor-button-content-wrapper\">\n\t\t\t\t\t\t<span class=\"elementor-button-icon\">\n\t\t\t\t<svg aria-hidden=\"true\" class=\"e-font-icon-svg e-far-file-pdf\" viewBox=\"0 0 384 512\" xmlns=\"http:\/\/www.w3.org\/2000\/svg\"><path d=\"M369.9 97.9L286 14C277 5 264.8-.1 252.1-.1H48C21.5 0 0 21.5 0 48v416c0 26.5 21.5 48 48 48h288c26.5 0 48-21.5 48-48V131.9c0-12.7-5.1-25-14.1-34zM332.1 128H256V51.9l76.1 76.1zM48 464V48h160v104c0 13.3 10.7 24 24 24h104v288H48zm250.2-143.7c-12.2-12-47-8.7-64.4-6.5-17.2-10.5-28.7-25-36.8-46.3 3.9-16.1 10.1-40.6 5.4-56-4.2-26.2-37.8-23.6-42.6-5.9-4.4 16.1-.4 38.5 7 67.1-10 23.9-24.9 56-35.4 74.4-20 10.3-47 26.2-51 46.2-3.3 15.8 26 55.2 76.1-31.2 22.4-7.4 46.8-16.5 68.4-20.1 18.9 10.2 41 17 55.8 17 25.5 0 28-28.2 17.5-38.7zm-198.1 77.8c5.1-13.7 24.5-29.5 30.4-35-19 30.3-30.4 35.7-30.4 35zm81.6-190.6c7.4 0 6.7 32.1 1.8 40.8-4.4-13.9-4.3-40.8-1.8-40.8zm-24.4 136.6c9.7-16.9 18-37 24.7-54.7 8.3 15.1 18.9 27.2 30.1 35.5-20.8 4.3-38.9 13.1-54.8 19.2zm131.6-5s-5 6-37.3-7.8c35.1-2.6 40.9 5.4 37.3 7.8z\"><\/path><\/svg>\t\t\t<\/span>\n\t\t\t\t\t\t\t\t\t<span class=\"elementor-button-text\">catalog (pdf 3 Mo)<\/span>\n\t\t\t\t\t<\/span>\n\t\t\t\t\t<\/a>\n\t\t\t\t\t\t\t\t<\/div>\n\t\t\t\t<div class=\"elementor-element elementor-element-0d98685 elementor-widget elementor-widget-button\" data-id=\"0d98685\" data-element_type=\"widget\" data-e-type=\"widget\" data-widget_type=\"button.default\">\n\t\t\t\t\t\t\t\t\t\t<a class=\"elementor-button elementor-button-link elementor-size-xs\" href=\"https:\/\/www.calameo.com\/read\/004763645503a10e450a7\" target=\"_blank\">\n\t\t\t\t\t\t<span class=\"elementor-button-content-wrapper\">\n\t\t\t\t\t\t\t\t\t<span class=\"elementor-button-text\">annual report 2025<\/span>\n\t\t\t\t\t<\/span>\n\t\t\t\t\t<\/a>\n\t\t\t\t\t\t\t\t<\/div>\n\t\t\t\t\t<\/div>\n\t\t<\/div>\n\t\t\t\t<div class=\"elementor-column elementor-col-50 elementor-top-column elementor-element elementor-element-b7b9b95\" data-id=\"b7b9b95\" data-element_type=\"column\" data-e-type=\"column\">\n\t\t\t<div class=\"elementor-widget-wrap\">\n\t\t\t\t\t\t\t<\/div>\n\t\t<\/div>\n\t\t\t\t\t<\/div>\n\t\t<\/section>\n\t\t\t\t<\/div>\n\t\t","protected":false},"excerpt":{"rendered":"<p>Transe Express Company Inventors of imagination The company Transe Express performs in outdoor spaces to meet the audience. The combination of theatre and music is used as a melting pot of spectacular sciences: visual arts, dance, fire, prowess\u2019s\u2026 Shock creations which at times invest a stage, non-conventional spaces but principally the streets; intriguing the public [&hellip;]<\/p>\n","protected":false},"author":1,"featured_media":0,"parent":0,"menu_order":0,"comment_status":"closed","ping_status":"closed","template":"","meta":{"_seopress_robots_primary_cat":"","_seopress_titles_title":"","_seopress_titles_desc":"","_seopress_robots_index":"","footnotes":""},"class_list":["post-1701","page","type-page","status-publish","hentry"],"_links":{"self":[{"href":"https:\/\/transe-express.com\/en\/wp-json\/wp\/v2\/pages\/1701","targetHints":{"allow":["GET"]}}],"collection":[{"href":"https:\/\/transe-express.com\/en\/wp-json\/wp\/v2\/pages"}],"about":[{"href":"https:\/\/transe-express.com\/en\/wp-json\/wp\/v2\/types\/page"}],"author":[{"embeddable":true,"href":"https:\/\/transe-express.com\/en\/wp-json\/wp\/v2\/users\/1"}],"replies":[{"embeddable":true,"href":"https:\/\/transe-express.com\/en\/wp-json\/wp\/v2\/comments?post=1701"}],"version-history":[{"count":24,"href":"https:\/\/transe-express.com\/en\/wp-json\/wp\/v2\/pages\/1701\/revisions"}],"predecessor-version":[{"id":11101,"href":"https:\/\/transe-express.com\/en\/wp-json\/wp\/v2\/pages\/1701\/revisions\/11101"}],"wp:attachment":[{"href":"https:\/\/transe-express.com\/en\/wp-json\/wp\/v2\/media?parent=1701"}],"curies":[{"name":"wp","href":"https:\/\/api.w.org\/{rel}","templated":true}]}}