{"id":1133,"date":"2020-03-19T09:17:17","date_gmt":"2020-03-19T09:17:17","guid":{"rendered":"https:\/\/transe-express-circus.fr\/contacts"},"modified":"2026-01-13T11:27:19","modified_gmt":"2026-01-13T11:27:19","slug":"contacts","status":"publish","type":"page","link":"https:\/\/transe-express.com\/en\/contacts","title":{"rendered":"Contacts"},"content":{"rendered":"\t\t<div data-elementor-type=\"wp-page\" data-elementor-id=\"1133\" class=\"elementor elementor-1133 elementor-108\" data-elementor-post-type=\"page\">\n\t\t\t\t\t\t<section class=\"elementor-section elementor-top-section elementor-element elementor-element-0611b59 elementor-section-boxed elementor-section-height-default elementor-section-height-default\" data-id=\"0611b59\" data-element_type=\"section\" data-e-type=\"section\">\n\t\t\t\t\t\t<div class=\"elementor-container elementor-column-gap-default\">\n\t\t\t\t\t<div class=\"elementor-column elementor-col-50 elementor-top-column elementor-element elementor-element-3514732\" data-id=\"3514732\" data-element_type=\"column\" data-e-type=\"column\" data-settings=\"{&quot;motion_fx_motion_fx_scrolling&quot;:&quot;yes&quot;,&quot;motion_fx_rotateZ_effect&quot;:&quot;yes&quot;,&quot;motion_fx_rotateZ_affectedRange&quot;:{&quot;unit&quot;:&quot;%&quot;,&quot;size&quot;:&quot;&quot;,&quot;sizes&quot;:{&quot;start&quot;:53,&quot;end&quot;:53}},&quot;motion_fx_devices&quot;:[&quot;desktop&quot;],&quot;motion_fx_rotateZ_speed&quot;:{&quot;unit&quot;:&quot;px&quot;,&quot;size&quot;:1,&quot;sizes&quot;:[]}}\">\n\t\t\t<div class=\"elementor-widget-wrap elementor-element-populated\">\n\t\t\t\t\t\t<div class=\"elementor-element elementor-element-5be2898 elementor-widget elementor-widget-text-editor\" data-id=\"5be2898\" data-element_type=\"widget\" data-e-type=\"widget\" data-widget_type=\"text-editor.default\">\n\t\t\t\t\t\t\t\t\t<h1>Contacts<\/h1>\n\t\t\t\t\t\t\t\t<\/div>\n\t\t\t\t<div class=\"elementor-element elementor-element-1a25355 elementor-widget elementor-widget-text-editor\" data-id=\"1a25355\" data-element_type=\"widget\" data-e-type=\"widget\" data-widget_type=\"text-editor.default\">\n\t\t\t\t\t\t\t\t\t<p>Find us on social media<\/p>\n\t\t\t\t\t\t\t\t<\/div>\n\t\t\t\t<div class=\"elementor-element elementor-element-d2596a6 elementor-shape-circle e-grid-align-left elementor-grid-0 elementor-widget elementor-widget-social-icons\" data-id=\"d2596a6\" data-element_type=\"widget\" data-e-type=\"widget\" data-widget_type=\"social-icons.default\">\n\t\t\t\t\t\t\t<div class=\"elementor-social-icons-wrapper elementor-grid\" role=\"list\">\n\t\t\t\t\t\t\t<span class=\"elementor-grid-item\" role=\"listitem\">\n\t\t\t\t\t<a class=\"elementor-icon elementor-social-icon elementor-social-icon-facebook elementor-repeater-item-ce978a0\" href=\"https:\/\/www.facebook.com\/transeexpress\/\" target=\"_blank\">\n\t\t\t\t\t\t<span class=\"elementor-screen-only\">Facebook<\/span>\n\t\t\t\t\t\t<svg aria-hidden=\"true\" class=\"e-font-icon-svg e-fab-facebook\" viewBox=\"0 0 512 512\" xmlns=\"http:\/\/www.w3.org\/2000\/svg\"><path d=\"M504 256C504 119 393 8 256 8S8 119 8 256c0 123.78 90.69 226.38 209.25 245V327.69h-63V256h63v-54.64c0-62.15 37-96.48 93.67-96.48 27.14 0 55.52 4.84 55.52 4.84v61h-31.28c-30.8 0-40.41 19.12-40.41 38.73V256h68.78l-11 71.69h-57.78V501C413.31 482.38 504 379.78 504 256z\"><\/path><\/svg>\t\t\t\t\t<\/a>\n\t\t\t\t<\/span>\n\t\t\t\t\t\t\t<span class=\"elementor-grid-item\" role=\"listitem\">\n\t\t\t\t\t<a class=\"elementor-icon elementor-social-icon elementor-social-icon-youtube elementor-repeater-item-db783fa\" href=\"https:\/\/www.youtube.com\/user\/transeexpress\" target=\"_blank\">\n\t\t\t\t\t\t<span class=\"elementor-screen-only\">Youtube<\/span>\n\t\t\t\t\t\t<svg aria-hidden=\"true\" class=\"e-font-icon-svg e-fab-youtube\" viewBox=\"0 0 576 512\" xmlns=\"http:\/\/www.w3.org\/2000\/svg\"><path d=\"M549.655 124.083c-6.281-23.65-24.787-42.276-48.284-48.597C458.781 64 288 64 288 64S117.22 64 74.629 75.486c-23.497 6.322-42.003 24.947-48.284 48.597-11.412 42.867-11.412 132.305-11.412 132.305s0 89.438 11.412 132.305c6.281 23.65 24.787 41.5 48.284 47.821C117.22 448 288 448 288 448s170.78 0 213.371-11.486c23.497-6.321 42.003-24.171 48.284-47.821 11.412-42.867 11.412-132.305 11.412-132.305s0-89.438-11.412-132.305zm-317.51 213.508V175.185l142.739 81.205-142.739 81.201z\"><\/path><\/svg>\t\t\t\t\t<\/a>\n\t\t\t\t<\/span>\n\t\t\t\t\t\t\t<span class=\"elementor-grid-item\" role=\"listitem\">\n\t\t\t\t\t<a class=\"elementor-icon elementor-social-icon elementor-social-icon-instagram elementor-repeater-item-1ca6a97\" href=\"https:\/\/www.instagram.com\/transe_express\/\" target=\"_blank\">\n\t\t\t\t\t\t<span class=\"elementor-screen-only\">Instagram<\/span>\n\t\t\t\t\t\t<svg aria-hidden=\"true\" class=\"e-font-icon-svg e-fab-instagram\" viewBox=\"0 0 448 512\" xmlns=\"http:\/\/www.w3.org\/2000\/svg\"><path d=\"M224.1 141c-63.6 0-114.9 51.3-114.9 114.9s51.3 114.9 114.9 114.9S339 319.5 339 255.9 287.7 141 224.1 141zm0 189.6c-41.1 0-74.7-33.5-74.7-74.7s33.5-74.7 74.7-74.7 74.7 33.5 74.7 74.7-33.6 74.7-74.7 74.7zm146.4-194.3c0 14.9-12 26.8-26.8 26.8-14.9 0-26.8-12-26.8-26.8s12-26.8 26.8-26.8 26.8 12 26.8 26.8zm76.1 27.2c-1.7-35.9-9.9-67.7-36.2-93.9-26.2-26.2-58-34.4-93.9-36.2-37-2.1-147.9-2.1-184.9 0-35.8 1.7-67.6 9.9-93.9 36.1s-34.4 58-36.2 93.9c-2.1 37-2.1 147.9 0 184.9 1.7 35.9 9.9 67.7 36.2 93.9s58 34.4 93.9 36.2c37 2.1 147.9 2.1 184.9 0 35.9-1.7 67.7-9.9 93.9-36.2 26.2-26.2 34.4-58 36.2-93.9 2.1-37 2.1-147.8 0-184.8zM398.8 388c-7.8 19.6-22.9 34.7-42.6 42.6-29.5 11.7-99.5 9-132.1 9s-102.7 2.6-132.1-9c-19.6-7.8-34.7-22.9-42.6-42.6-11.7-29.5-9-99.5-9-132.1s-2.6-102.7 9-132.1c7.8-19.6 22.9-34.7 42.6-42.6 29.5-11.7 99.5-9 132.1-9s102.7-2.6 132.1 9c19.6 7.8 34.7 22.9 42.6 42.6 11.7 29.5 9 99.5 9 132.1s2.7 102.7-9 132.1z\"><\/path><\/svg>\t\t\t\t\t<\/a>\n\t\t\t\t<\/span>\n\t\t\t\t\t<\/div>\n\t\t\t\t\t\t<\/div>\n\t\t\t\t<div class=\"elementor-element elementor-element-29f9335 elementor-widget__width-inherit elementor-widget elementor-widget-text-editor\" data-id=\"29f9335\" data-element_type=\"widget\" data-e-type=\"widget\" data-widget_type=\"text-editor.default\">\n\t\t\t\t\t\t\t\t\t<h3>Compagnie Transe Express<\/h3><p>\u00c9cosite F-26400 Eurre<br \/>tel. +33 (0)4 75 40 63 04<\/p><h5>Artistic Direction<\/h5><p>R\u00e9mi Allaigre<br \/>\u00c9l\u00e9onore Guillemaud<\/p><h5>General Secretary<\/h5><p>Yannick Valin<\/p><h5>Francophone and INTERNATIONAL Distribution<\/h5><p>Elo\u00efse Paque-Vallon<br \/><a href=\"mailto:e.paquevallon@transe-express.com\">e.paquevallon@transe-express.com<\/a><br \/>+ 33 (0)4 75 40 67 73<\/p><p>Alexandre Rebiere<br \/><a href=\"mailto:a.rebiere@transe-express.com\">a.rebiere@transe-express.com<\/a><br \/>+ 33 (0)4 75 40 67 74<\/p><h5>Head Production<\/h5><p>M\u00e9lanie Masson<br \/><a href=\"mailto:m.masson@transe-express.com\">m.masson@transe-express.com<\/a><br \/>+33 (0)4 75 40 68 61<\/p><h5>TECHNICAL DIRECTION<\/h5><p>Mathieu\u00a0 Audejean<br \/><a href=\"mailto:m.audejean@transe-express.com\">m.audejean@transe-express.com<\/a><\/p><h5>COMMUNICATION<\/h5><p>Anne Mbaye<br \/><a href=\"mailto:a.mbaye@transe-express.com\">a.mbaye@transe-express.com<\/a><\/p>\t\t\t\t\t\t\t\t<\/div>\n\t\t\t\t\t<\/div>\n\t\t<\/div>\n\t\t\t\t<div class=\"elementor-column elementor-col-50 elementor-top-column elementor-element elementor-element-fe34c6e\" data-id=\"fe34c6e\" data-element_type=\"column\" data-e-type=\"column\">\n\t\t\t<div class=\"elementor-widget-wrap\">\n\t\t\t\t\t\t\t<\/div>\n\t\t<\/div>\n\t\t\t\t\t<\/div>\n\t\t<\/section>\n\t\t\t\t<\/div>\n\t\t","protected":false},"excerpt":{"rendered":"<p>Contacts Find us on social media Facebook Youtube Instagram Compagnie Transe Express \u00c9cosite F-26400 Eurretel. +33 (0)4 75 40 63 04 Artistic Direction R\u00e9mi Allaigre\u00c9l\u00e9onore Guillemaud General Secretary Yannick Valin Francophone and INTERNATIONAL Distribution Elo\u00efse Paque-Vallone.paquevallon@transe-express.com+ 33 (0)4 75 40 67 73 Alexandre Rebierea.rebiere@transe-express.com+ 33 (0)4 75 40 67 74 Head Production M\u00e9lanie Massonm.masson@transe-express.com+33 (0)4 [&hellip;]<\/p>\n","protected":false},"author":1,"featured_media":2031,"parent":0,"menu_order":0,"comment_status":"closed","ping_status":"closed","template":"","meta":{"_seopress_robots_primary_cat":"","_seopress_titles_title":"","_seopress_titles_desc":"Booking information contact on tour shows get in touch","_seopress_robots_index":"","footnotes":""},"class_list":["post-1133","page","type-page","status-publish","has-post-thumbnail","hentry"],"_links":{"self":[{"href":"https:\/\/transe-express.com\/en\/wp-json\/wp\/v2\/pages\/1133","targetHints":{"allow":["GET"]}}],"collection":[{"href":"https:\/\/transe-express.com\/en\/wp-json\/wp\/v2\/pages"}],"about":[{"href":"https:\/\/transe-express.com\/en\/wp-json\/wp\/v2\/types\/page"}],"author":[{"embeddable":true,"href":"https:\/\/transe-express.com\/en\/wp-json\/wp\/v2\/users\/1"}],"replies":[{"embeddable":true,"href":"https:\/\/transe-express.com\/en\/wp-json\/wp\/v2\/comments?post=1133"}],"version-history":[{"count":11,"href":"https:\/\/transe-express.com\/en\/wp-json\/wp\/v2\/pages\/1133\/revisions"}],"predecessor-version":[{"id":10910,"href":"https:\/\/transe-express.com\/en\/wp-json\/wp\/v2\/pages\/1133\/revisions\/10910"}],"wp:featuredmedia":[{"embeddable":true,"href":"https:\/\/transe-express.com\/en\/wp-json\/wp\/v2\/media\/2031"}],"wp:attachment":[{"href":"https:\/\/transe-express.com\/en\/wp-json\/wp\/v2\/media?parent=1133"}],"curies":[{"name":"wp","href":"https:\/\/api.w.org\/{rel}","templated":true}]}}